{"id":549,"date":"2019-04-29T08:26:55","date_gmt":"2019-04-29T08:26:55","guid":{"rendered":"http:\/\/hotel-du-faucon.ch\/a-propos\/"},"modified":"2019-07-15T00:41:18","modified_gmt":"2019-07-15T00:41:18","slug":"infos","status":"publish","type":"page","link":"https:\/\/hotel-du-faucon.ch\/de\/infos\/","title":{"rendered":"Infos"},"content":{"rendered":"\n<p style=\"text-align:center\" class=\"intro\">Das <strong>Hotel du Faucon<\/strong> bietet <a href=\"\/de\/zimmer-suiten\/\">23 ger\u00e4umige Zimmer<\/a> in einer charmanten, ruhigen, gepflasterten Fu\u00dfg\u00e4ngerzone, nur einen kurzen Spaziergang vom Stadtzentrum und dem Bahnhof entfernt.<\/p>\n\n\n\n<p style=\"text-align:center\" class=\"intro\">Alle Zimmer verf\u00fcgen \u00fcber einen Flachbild-TV und ein eigenes Bad mit Dusche und WC. Kostenloses WLAN ist im gesamten Hotel verf\u00fcgbar.<\/p>\n\n\n\n<p style=\"text-align:center\" class=\"intro\">Eine <a href=\"\/de\/service\/\">\u00f6ffentliche Tiefgarage<\/a> befindet sich 3 Gehminuten vom Hotel entfernt und kann gegen einen Aufpreis genutzt werden.<\/p>\n\n\n\n<p><\/p>\n\n\n\n<div class=\"wp-block-image py-5 a-propos\"><figure class=\"aligncenter\"><img decoding=\"async\" loading=\"lazy\" width=\"900\" height=\"843\" src=\"http:\/\/hotel-du-faucon.ch\/wp-content\/uploads\/a-propos-1.png\" alt=\"\" class=\"wp-image-391\" srcset=\"https:\/\/hotel-du-faucon.ch\/wp-content\/uploads\/a-propos-1.png 900w, https:\/\/hotel-du-faucon.ch\/wp-content\/uploads\/a-propos-1-320x300.png 320w, https:\/\/hotel-du-faucon.ch\/wp-content\/uploads\/a-propos-1-768x719.png 768w\" sizes=\"(max-width: 900px) 100vw, 900px\" \/><\/figure><\/div>\n\n\n\n<div class=\"wp-block-caxton-grid relative\"><div class=\"absolute absolute--fill\"><div class=\"cover bg-center absolute absolute--fill\" style=\"background-color:;background-image:linear-gradient( );\"><\/div><div class=\"absolute absolute--fill\" style=\"background-color:;background-image:linear-gradient( );opacity:1;\"><\/div><\/div><div class=\"relative caxton-columns caxton-grid-block\" style=\"padding-top:0;padding-left:0;padding-bottom:0;padding-right:0;grid-template-columns:repeat(12, 1fr)\" data-tablet-css=\"padding-left:em;padding-right:em;\" data-mobile-css=\"padding-left:em;padding-right:em;\">\n<div class=\"wp-block-caxton-section relative margins small\" style=\"grid-area:span 1\/span 12\"><div class=\"absolute absolute--fill\"><div class=\"cover bg-center absolute absolute--fill\" style=\"background-color:#f4f4f4;background-image:linear-gradient( #f4f4f4);\"><\/div><div class=\"absolute absolute--fill\" style=\"background-color:#f4f4f4;background-image:linear-gradient( #f4f4f4);opacity:1;\"><\/div><\/div><div class=\"relative caxton-section-block\" style=\"padding-top:5px;padding-left:5px;padding-bottom:5px;padding-right:5px\" data-mobile-css=\"padding-left:1em;padding-right:1em;\" data-tablet-css=\"padding-left:1em;padding-right:1em;\">\n<h3 class=\"wp-block-heading\" style=\"text-align:center\">Wichtiges f\u00fcr Ihren Aufenthalt<\/h3>\n\n\n\n<p style=\"text-align:center\"><strong>Check-in<\/strong>: 14.00 bis 21.00 Uhr<br> <strong>Check-out<\/strong>: 7.30 &#8211; 11.00 Uhr<br> <strong>Stornierung<\/strong>: 48 Stunden vorher<\/p>\n\n\n\n<h3 class=\"wp-block-heading\" style=\"text-align:center\">Kinder und Zustellbetten<br><\/h3>\n\n\n\n<p style=\"text-align:center\">Alle Kinder sind herzlich willkommen.<br> Kinder <strong>unter 2 Jahren zahlen keinen Aufpreis<\/strong> wenn ein Babybett genutzt wird.<\/p>\n\n\n\n<p style=\"text-align:center\">Wir stellen maximal 1 Zustellbett oder 1 Babybett pro Zimmer zur Verf\u00fcgung.<br><\/p>\n\n\n\n<p style=\"text-align:center\">Das Zustellbett <strong>kostet CHF 20.- <\/strong>pro Nacht f\u00fcr \u00e4ltere Kinder und Erwachsene.<\/p>\n\n\n\n<h3 class=\"wp-block-heading\" style=\"text-align:center\">Haustiere<br><\/h3>\n\n\n\n<p style=\"text-align:center\">Haustiere sind erlaubt und kostenlos.<\/p>\n\n\n\n<h3 class=\"wp-block-heading\" style=\"text-align:center\">Sonstiges<br><\/h3>\n\n\n\n<p style=\"text-align:center\">Zuschl\u00e4ge sind nicht automatisch in den Gesamtkosten der Reservierung auf der Website enthalten und m\u00fcssen separat in der Unterkunft bezahlt werden.<\/p>\n\n\n\n<p style=\"text-align:center\">Zur Bezahlung der Zimmer werden die Kreditkarten &#8222;<strong>Visa<\/strong>&#8222;, &#8222;<strong>MasterCard<\/strong>&#8220; und &#8222;<strong>American Express<\/strong>&#8220; akzeptiert.<\/p>\n\n\n\n<p style=\"text-align:center\">Das Hotel du Faucon akzeptiert diese Kreditkarten und beh\u00e4lt sich das Recht vor, vor der Anreise einen bestimmten Betrag auf Ihrer Kreditkarte zu sichern.<\/p>\n<\/div><\/div>\n<\/div><\/div>\n","protected":false},"excerpt":{"rendered":"<p>Das Hotel du Faucon bietet 23 ger\u00e4umige Zimmer in einer charmanten, ruhigen, gepflasterten Fu\u00dfg\u00e4ngerzone, nur einen kurzen Spaziergang vom Stadtzentrum und dem Bahnhof entfernt. Alle Zimmer verf\u00fcgen \u00fcber einen Flachbild-TV und ein eigenes Bad mit Dusche und WC. Kostenloses WLAN ist im gesamten Hotel verf\u00fcgbar. Eine \u00f6ffentliche Tiefgarage befindet sich 3 Gehminuten vom Hotel entfernt [&hellip;]<\/p>\n","protected":false},"author":2,"featured_media":728,"parent":0,"menu_order":10,"comment_status":"closed","ping_status":"closed","template":"template-page.php","meta":{"footnotes":""},"acf":[],"_links":{"self":[{"href":"https:\/\/hotel-du-faucon.ch\/de\/wp-json\/wp\/v2\/pages\/549"}],"collection":[{"href":"https:\/\/hotel-du-faucon.ch\/de\/wp-json\/wp\/v2\/pages"}],"about":[{"href":"https:\/\/hotel-du-faucon.ch\/de\/wp-json\/wp\/v2\/types\/page"}],"author":[{"embeddable":true,"href":"https:\/\/hotel-du-faucon.ch\/de\/wp-json\/wp\/v2\/users\/2"}],"replies":[{"embeddable":true,"href":"https:\/\/hotel-du-faucon.ch\/de\/wp-json\/wp\/v2\/comments?post=549"}],"version-history":[{"count":10,"href":"https:\/\/hotel-du-faucon.ch\/de\/wp-json\/wp\/v2\/pages\/549\/revisions"}],"predecessor-version":[{"id":701,"href":"https:\/\/hotel-du-faucon.ch\/de\/wp-json\/wp\/v2\/pages\/549\/revisions\/701"}],"wp:featuredmedia":[{"embeddable":true,"href":"https:\/\/hotel-du-faucon.ch\/de\/wp-json\/wp\/v2\/media\/728"}],"wp:attachment":[{"href":"https:\/\/hotel-du-faucon.ch\/de\/wp-json\/wp\/v2\/media?parent=549"}],"curies":[{"name":"wp","href":"https:\/\/api.w.org\/{rel}","templated":true}]}}