{"id":532,"date":"2019-04-29T08:25:57","date_gmt":"2019-04-29T08:25:57","guid":{"rendered":"http:\/\/hotel-du-faucon.ch\/restaurant\/"},"modified":"2019-07-04T15:11:15","modified_gmt":"2019-07-04T15:11:15","slug":"restaurant-solemio","status":"publish","type":"page","link":"https:\/\/hotel-du-faucon.ch\/de\/restaurant-solemio\/","title":{"rendered":"Restaurant"},"content":{"rendered":"\n<p style=\"text-align:center\" class=\"intro\">Das aus S\u00fcditalien stammende Restaurant wird von unserer Familie gef\u00fchrt. Besonderes Augenmerk legen wir auf unseren Empfang, unseren Service und die Qualit\u00e4t unserer Produkte. Diese sind frisch, \u00e0 la minute und mit Liebe zubereitet. Unsere Pizzen kommen aus dem Holzofen! Unser Service-Team hei\u00dft Sie herzlich willkommen und nimmt Sie mit auf eine Reise nach Italien &#8211; und daf\u00fcr m\u00fcssen Sie nicht einmal Ihren Sitz verlassen.<\/p>\n\n\n\n<p>&nbsp;<\/p>\n\n\n\n<div class=\"wp-block-caxton-grid relative\"><div class=\"absolute absolute--fill\"><div class=\"cover bg-center absolute absolute--fill\" style=\"background-color:;background-image:linear-gradient( );\"><\/div><div class=\"absolute absolute--fill\" style=\"background-color:;background-image:linear-gradient( );opacity:1;\"><\/div><\/div><div class=\"relative caxton-columns caxton-grid-block\" style=\"padding-top:0;padding-left:0;padding-bottom:0;padding-right:0;grid-template-columns:repeat(12, 1fr)\" data-tablet-css=\"padding-left:em;padding-right:em;\" data-mobile-css=\"padding-left:em;padding-right:em;\">\n<div class=\"wp-block-caxton-section relative margins\" style=\"grid-area:span 1\/span 12\"><div class=\"absolute absolute--fill\"><div class=\"cover bg-center absolute absolute--fill\" style=\"background-color:#f4f4f4;background-image:linear-gradient( #f4f4f4);\"><\/div><div class=\"absolute absolute--fill\" style=\"background-color:#f4f4f4;background-image:linear-gradient( #f4f4f4);opacity:1;\"><\/div><\/div><div class=\"relative caxton-section-block\" style=\"padding-top:5px;padding-left:5px;padding-bottom:5px;padding-right:5px\" data-mobile-css=\"padding-left:1em;padding-right:1em;\" data-tablet-css=\"padding-left:1em;padding-right:1em;\">\n<div class=\"wp-block-image\"><figure class=\"aligncenter is-resized\"><img decoding=\"async\" loading=\"lazy\" src=\"http:\/\/hotel-du-faucon.ch\/wp-content\/uploads\/2019\/05\/solemio-logo.jpg\" alt=\"\" class=\"wp-image-143\" width=\"357\" height=\"124\"\/><\/figure><\/div>\n\n\n\n<p style=\"text-align:center\"><strong>Rue de Lausanne 76<br> 1700 Fribourg<\/strong><\/p>\n\n\n\n<p style=\"text-align:center\">Telefonische Reservierungen    <strong>026 321 34 56<\/strong> <br> Dienstag bis Samstag   <strong>11.30 bis 14.30 18.00 bis 22.30<\/strong> <br> Sonntag und Montag geschlossen<\/p>\n\n\n\n<div class=\"wp-block-button aligncenter is-style-squared\"><a class=\"wp-block-button__link has-text-color has-background\" href=\"http:\/\/restaurant-solemio.ch\/\" style=\"background-color:#960000;color:#ffffff\" target=\"_blank\" rel=\"noopener noreferrer\">Online reservieren<\/a><\/div>\n\n\n\n<p><\/p>\n<\/div><\/div>\n<\/div><\/div>\n\n\n\n<script>\/\/jQuery(jQuery('.caxton-grid-block').get(1)).addClass('container')<\/script>\n\n\n\n<h2 class=\"mt-5 wp-block-heading\">Speisekarte<\/h2>\n","protected":false},"excerpt":{"rendered":"<p>Das aus S\u00fcditalien stammende Restaurant wird von unserer Familie gef\u00fchrt. Besonderes Augenmerk legen wir auf unseren Empfang, unseren Service und die Qualit\u00e4t unserer Produkte. Diese sind frisch, \u00e0 la minute und mit Liebe zubereitet. Unsere Pizzen kommen aus dem Holzofen! Unser Service-Team hei\u00dft Sie herzlich willkommen und nimmt Sie mit auf eine Reise nach Italien [&hellip;]<\/p>\n","protected":false},"author":2,"featured_media":720,"parent":0,"menu_order":2,"comment_status":"closed","ping_status":"closed","template":"template-restaurant.php","meta":{"footnotes":""},"acf":[],"_links":{"self":[{"href":"https:\/\/hotel-du-faucon.ch\/de\/wp-json\/wp\/v2\/pages\/532"}],"collection":[{"href":"https:\/\/hotel-du-faucon.ch\/de\/wp-json\/wp\/v2\/pages"}],"about":[{"href":"https:\/\/hotel-du-faucon.ch\/de\/wp-json\/wp\/v2\/types\/page"}],"author":[{"embeddable":true,"href":"https:\/\/hotel-du-faucon.ch\/de\/wp-json\/wp\/v2\/users\/2"}],"replies":[{"embeddable":true,"href":"https:\/\/hotel-du-faucon.ch\/de\/wp-json\/wp\/v2\/comments?post=532"}],"version-history":[{"count":7,"href":"https:\/\/hotel-du-faucon.ch\/de\/wp-json\/wp\/v2\/pages\/532\/revisions"}],"predecessor-version":[{"id":699,"href":"https:\/\/hotel-du-faucon.ch\/de\/wp-json\/wp\/v2\/pages\/532\/revisions\/699"}],"wp:featuredmedia":[{"embeddable":true,"href":"https:\/\/hotel-du-faucon.ch\/de\/wp-json\/wp\/v2\/media\/720"}],"wp:attachment":[{"href":"https:\/\/hotel-du-faucon.ch\/de\/wp-json\/wp\/v2\/media?parent=532"}],"curies":[{"name":"wp","href":"https:\/\/api.w.org\/{rel}","templated":true}]}}